{"id":22,"date":"2015-09-20T13:13:48","date_gmt":"2015-09-20T11:13:48","guid":{"rendered":"http:\/\/www.tanja-mairhofer.de\/wp\/?page_id=22"},"modified":"2025-04-29T15:19:44","modified_gmt":"2025-04-29T13:19:44","slug":"kontakt","status":"publish","type":"page","link":"http:\/\/www.tanja-mairhofer.de\/wp\/?page_id=22","title":{"rendered":"Kontakt"},"content":{"rendered":"\n\n\n\n","protected":false},"excerpt":{"rendered":"Kontakt information Lesungsanfragen an: Christine RothwinklerCR-LeseagenturTelefon: 0881 49679E-Mail:\u00a0rothwinkler@cr-leseagentur.de Impressum Angaben gem\u00e4\u00df \u00a7 5 TMG und Verantwortlichkeit nach \u00a7 18 Abs. 2 MStVTanja MairhoferE-Mail:&nbsp;info@tanja-mairhofer.deVerantwortlich f\u00fcr den Inhalt nach \u00a7 18 Abs. 2 MStVTanja MairhoferHaftungsausschlussHaftung f\u00fcr InhalteDie Inhalte dieser Website wurden mit gr\u00f6\u00dfter Sorgfalt erstellt. F\u00fcr die Richtigkeit, Vollst\u00e4ndigkeit und Aktualit\u00e4t der Inhalte kann jedoch keine Gew\u00e4hr [...]","protected":false},"author":1,"featured_media":0,"parent":0,"menu_order":0,"comment_status":"closed","ping_status":"closed","template":"full-width","meta":{"saved_in_kubio":true,"footnotes":""},"class_list":["post-22","page","type-page","status-publish","hentry"],"kubio_ai_page_context":{"short_desc":"","purpose":"general"},"_links":{"self":[{"href":"http:\/\/www.tanja-mairhofer.de\/wp\/index.php?rest_route=\/wp\/v2\/pages\/22","targetHints":{"allow":["GET"]}}],"collection":[{"href":"http:\/\/www.tanja-mairhofer.de\/wp\/index.php?rest_route=\/wp\/v2\/pages"}],"about":[{"href":"http:\/\/www.tanja-mairhofer.de\/wp\/index.php?rest_route=\/wp\/v2\/types\/page"}],"author":[{"embeddable":true,"href":"http:\/\/www.tanja-mairhofer.de\/wp\/index.php?rest_route=\/wp\/v2\/users\/1"}],"replies":[{"embeddable":true,"href":"http:\/\/www.tanja-mairhofer.de\/wp\/index.php?rest_route=%2Fwp%2Fv2%2Fcomments&post=22"}],"version-history":[{"count":40,"href":"http:\/\/www.tanja-mairhofer.de\/wp\/index.php?rest_route=\/wp\/v2\/pages\/22\/revisions"}],"predecessor-version":[{"id":224588,"href":"http:\/\/www.tanja-mairhofer.de\/wp\/index.php?rest_route=\/wp\/v2\/pages\/22\/revisions\/224588"}],"wp:attachment":[{"href":"http:\/\/www.tanja-mairhofer.de\/wp\/index.php?rest_route=%2Fwp%2Fv2%2Fmedia&parent=22"}],"curies":[{"name":"wp","href":"https:\/\/api.w.org\/{rel}","templated":true}]}}