{"id":409,"date":"2017-08-08T22:32:03","date_gmt":"2017-08-08T20:32:03","guid":{"rendered":"http:\/\/www.tanja-mairhofer.de\/wp\/?page_id=409"},"modified":"2025-02-12T14:58:04","modified_gmt":"2025-02-12T13:58:04","slug":"presse-2","status":"publish","type":"page","link":"http:\/\/www.tanja-mairhofer.de\/wp\/?page_id=409","title":{"rendered":"Presse"},"content":{"rendered":"","protected":false},"excerpt":{"rendered":"BUNTE Ein absolutes, \u00e4h, Muss f\u00fcr alle Frauen, die sich nicht vorschreiben lassen wollen, wie sie zu sein haben\u2026 PETRA Die Realit\u00e4t k\u00f6nnte auch mal einen Gin Tonic vertragen\u201c. Alleine schon f\u00fcr diesen Satz m\u00f6chte man Tanja Mairhofer dr\u00fccken. \u201eSchluss mit Muss\u201c ist zum Lachen \u2013 \u00fcber uns selbst und die Utopie immer alles richtig [...]","protected":false},"author":1,"featured_media":0,"parent":12,"menu_order":0,"comment_status":"closed","ping_status":"closed","template":"full-width","meta":{"saved_in_kubio":true,"footnotes":""},"class_list":["post-409","page","type-page","status-publish","hentry"],"kubio_ai_page_context":{"short_desc":"","purpose":"general"},"_links":{"self":[{"href":"http:\/\/www.tanja-mairhofer.de\/wp\/index.php?rest_route=\/wp\/v2\/pages\/409","targetHints":{"allow":["GET"]}}],"collection":[{"href":"http:\/\/www.tanja-mairhofer.de\/wp\/index.php?rest_route=\/wp\/v2\/pages"}],"about":[{"href":"http:\/\/www.tanja-mairhofer.de\/wp\/index.php?rest_route=\/wp\/v2\/types\/page"}],"author":[{"embeddable":true,"href":"http:\/\/www.tanja-mairhofer.de\/wp\/index.php?rest_route=\/wp\/v2\/users\/1"}],"replies":[{"embeddable":true,"href":"http:\/\/www.tanja-mairhofer.de\/wp\/index.php?rest_route=%2Fwp%2Fv2%2Fcomments&post=409"}],"version-history":[{"count":44,"href":"http:\/\/www.tanja-mairhofer.de\/wp\/index.php?rest_route=\/wp\/v2\/pages\/409\/revisions"}],"predecessor-version":[{"id":224544,"href":"http:\/\/www.tanja-mairhofer.de\/wp\/index.php?rest_route=\/wp\/v2\/pages\/409\/revisions\/224544"}],"up":[{"embeddable":true,"href":"http:\/\/www.tanja-mairhofer.de\/wp\/index.php?rest_route=\/wp\/v2\/pages\/12"}],"wp:attachment":[{"href":"http:\/\/www.tanja-mairhofer.de\/wp\/index.php?rest_route=%2Fwp%2Fv2%2Fmedia&parent=409"}],"curies":[{"name":"wp","href":"https:\/\/api.w.org\/{rel}","templated":true}]}}