{"id":16,"date":"2015-09-20T13:13:05","date_gmt":"2015-09-20T11:13:05","guid":{"rendered":"http:\/\/www.tanja-mairhofer.de\/wp\/?page_id=16"},"modified":"2025-02-12T15:02:03","modified_gmt":"2025-02-12T14:02:03","slug":"vita","status":"publish","type":"page","link":"https:\/\/www.tanja-mairhofer.de\/wp\/?page_id=16","title":{"rendered":"Vita"},"content":{"rendered":"","protected":false},"excerpt":{"rendered":"&gt;&gt;Download Vita &nbsp;PDF&lt;&lt; VITA - Tanja Mairhofer PROFIL Beruf: Schauspielerin, ModeratorinNationalit\u00e4t: \u00f6sterreichischGeburtsjahr: 1976Wohnort: M\u00fcnchenWohnm\u00f6gl.: Wien, K\u00f6ln, Berlin, Salzburg, M\u00fcnchen, Hamburgethn. Erscheinung: mitteleurop\u00e4ischHaarfarbe: blondHaarl\u00e4nge: langAugenfarbe: blauStatur: schlankGr\u00f6\u00dfe: 169Gewicht: 60Sprache(n):Deutsch - MutterspracheEnglisch - flie\u00dfendFranz\u00f6sisch - gut Ausbildung Dialekte\/Akzente:DE - Bairisch (Heimatdialekt)AT - \u00d6sterreichisch (Heimatdialekt)AT - WienerischSport :Karate - GrundkenntnissePilates - GrundkenntnisseYoga - Profesionelle YogalehrerinTanz Jazzdance - GrundkenntnisseModern [...]","protected":false},"author":1,"featured_media":0,"parent":0,"menu_order":0,"comment_status":"closed","ping_status":"closed","template":"full-width","meta":{"saved_in_kubio":true,"footnotes":""},"class_list":["post-16","page","type-page","status-publish","hentry"],"kubio_ai_page_context":{"short_desc":"","purpose":"general"},"_links":{"self":[{"href":"https:\/\/www.tanja-mairhofer.de\/wp\/index.php?rest_route=\/wp\/v2\/pages\/16","targetHints":{"allow":["GET"]}}],"collection":[{"href":"https:\/\/www.tanja-mairhofer.de\/wp\/index.php?rest_route=\/wp\/v2\/pages"}],"about":[{"href":"https:\/\/www.tanja-mairhofer.de\/wp\/index.php?rest_route=\/wp\/v2\/types\/page"}],"author":[{"embeddable":true,"href":"https:\/\/www.tanja-mairhofer.de\/wp\/index.php?rest_route=\/wp\/v2\/users\/1"}],"replies":[{"embeddable":true,"href":"https:\/\/www.tanja-mairhofer.de\/wp\/index.php?rest_route=%2Fwp%2Fv2%2Fcomments&post=16"}],"version-history":[{"count":60,"href":"https:\/\/www.tanja-mairhofer.de\/wp\/index.php?rest_route=\/wp\/v2\/pages\/16\/revisions"}],"predecessor-version":[{"id":224546,"href":"https:\/\/www.tanja-mairhofer.de\/wp\/index.php?rest_route=\/wp\/v2\/pages\/16\/revisions\/224546"}],"wp:attachment":[{"href":"https:\/\/www.tanja-mairhofer.de\/wp\/index.php?rest_route=%2Fwp%2Fv2%2Fmedia&parent=16"}],"curies":[{"name":"wp","href":"https:\/\/api.w.org\/{rel}","templated":true}]}}