{"id":188,"date":"2015-09-21T13:00:04","date_gmt":"2015-09-21T11:00:04","guid":{"rendered":"http:\/\/www.tanja-mairhofer.de\/wp\/?page_id=188"},"modified":"2025-02-11T21:35:22","modified_gmt":"2025-02-11T20:35:22","slug":"buecher","status":"publish","type":"page","link":"https:\/\/www.tanja-mairhofer.de\/wp\/?page_id=188","title":{"rendered":"B\u00fccher"},"content":{"rendered":"<p>[vc_row][vc_column width=&#8220;1\/2&#8243;][vc_column_text][\/vc_column_text][vc_column_text]<\/p>\n<p style=\"text-align: center;\"><a href=\"https:\/\/www.thalia.de\/shop\/home\/artikeldetails\/A1066790734\" target=\"_blank\" rel=\"noopener noreferrer\"><img loading=\"lazy\" decoding=\"async\" class=\"alignnone wp-image-849 size-medium\" src=\"http:\/\/www.tanja-mairhofer.de\/wp\/wp-content\/uploads\/2022\/12\/dein-super-buch-gebundene-ausgabe-tanja-mairhofer-214x300.jpeg\" alt=\"\" width=\"214\" height=\"300\" srcset=\"https:\/\/www.tanja-mairhofer.de\/wp\/wp-content\/uploads\/2022\/12\/dein-super-buch-gebundene-ausgabe-tanja-mairhofer-214x300.jpeg 214w, https:\/\/www.tanja-mairhofer.de\/wp\/wp-content\/uploads\/2022\/12\/dein-super-buch-gebundene-ausgabe-tanja-mairhofer.jpeg 712w\" sizes=\"(max-width: 214px) 100vw, 214px\" \/><\/a><\/p>\n<p>[\/vc_column_text][vc_column_text]<\/p>\n<p style=\"text-align: center;\"><a href=\"https:\/\/www.thalia.de\/shop\/home\/artikeldetails\/A1066790734\" target=\"_blank\" rel=\"noopener noreferrer\">JETZT BESTELLEN<\/a><\/p>\n<p>[\/vc_column_text][vc_column_text]<\/p>\n<p>[\/vc_column_text][\/vc_column][vc_column width=&#8220;1\/2&#8243;][vc_column_text][\/vc_column_text][vc_column_text]<strong>Dein Super-Buch<\/strong><\/p>\n<p><strong>Ein Ratgeber f\u00fcr Grundschulkinder zum Thema Resilienz und Achtsamkeit.&nbsp;<\/strong>Wie wird man zum Superhelden? Indem man immer mutig, stark und einfallsreich ist? Oder weil man einfach so sein darf, wie man ist? Das <em class=\"element-background-basic-colors marker\" data-color=\"gelb-light\">Super-Buch<\/em> soll Kinder dabei unterst\u00fctzen, <strong>sich super zu f\u00fchlen, <\/strong>egal was da drau\u00dfen so los ist. Weg von den Selbstzweifeln, hin zu mehr <strong>Selbstakzeptanz.<\/strong><\/p>\n<p>&nbsp;Im Super-Buch werden sie ermutigt, gesellschaftliche Normen zu hinterfragen und sich mit Themen wie <strong>Resilienz, Selbstwirksamkeit, Respekt<\/strong>vor sich und anderen, <strong>Body Positivity und Achtsamkeit<\/strong>auseinanderzusetzen.<\/p>\n<p>&nbsp;[\/vc_column_text][vc_column_text]<\/p>\n<p>[\/vc_column_text][\/vc_column][\/vc_row][vc_row][vc_column width=&#8220;1\/2&#8243;][vc_column_text][\/vc_column_text][vc_column_text]<\/p>\n<p style=\"text-align: center;\"><a href=\"https:\/\/amzn.to\/39He89k\" target=\"_blank\" rel=\"noopener noreferrer\"><img loading=\"lazy\" decoding=\"async\" class=\"aligncenter wp-image-564 size-medium\" src=\"http:\/\/www.tanja-mairhofer.de\/wp\/wp-content\/uploads\/2015\/09\/yoga-quatsch-kids-288238900-e1669886686256-246x300.jpg\" alt=\"\" width=\"246\" height=\"300\" srcset=\"https:\/\/www.tanja-mairhofer.de\/wp\/wp-content\/uploads\/2015\/09\/yoga-quatsch-kids-288238900-e1669886686256-246x300.jpg 246w, https:\/\/www.tanja-mairhofer.de\/wp\/wp-content\/uploads\/2015\/09\/yoga-quatsch-kids-288238900-e1669886686256-768x937.jpg 768w, https:\/\/www.tanja-mairhofer.de\/wp\/wp-content\/uploads\/2015\/09\/yoga-quatsch-kids-288238900-e1669886686256-840x1024.jpg 840w, https:\/\/www.tanja-mairhofer.de\/wp\/wp-content\/uploads\/2015\/09\/yoga-quatsch-kids-288238900-e1669886686256.jpg 988w\" sizes=\"(max-width: 246px) 100vw, 246px\" \/><\/a><\/p>\n<p>[\/vc_column_text][vc_column_text]<\/p>\n<p style=\"text-align: center;\"><a href=\"https:\/\/amzn.to\/39He89k\" target=\"_blank\" rel=\"noopener noreferrer\">JETZT BESTELLEN<\/a><\/p>\n<p>[\/vc_column_text][vc_column_text]<\/p>\n<p>[\/vc_column_text][\/vc_column][vc_column width=&#8220;1\/2&#8243;][vc_column_text][\/vc_column_text][vc_column_text]<strong>Yoga Quatsch Kids<\/strong><\/p>\n<p>Du hast Spa\u00df an Yoga, machst gern Quatsch mit deinen Kindern und m\u00f6chtest mit ihnen zusammen etwas Neues entdecken? Dann ist dieses freche Buch genau das Richtige f\u00fcr dich und deine Kinder. Denn Kinder lieben Bewegung, aber nur, wenn es fr\u00f6hlich und locker zugeht und spannend verpackt ist.<\/p>\n<p>[\/vc_column_text][vc_column_text]<\/p>\n<p>[\/vc_column_text][\/vc_column][\/vc_row][vc_row][vc_column width=&#8220;1\/2&#8243;][vc_column_text][\/vc_column_text][vc_column_text]<\/p>\n<p style=\"text-align: center;\"><a href=\"https:\/\/amzn.to\/2wbTb8P\" target=\"_blank\" rel=\"noopener noreferrer\"><img loading=\"lazy\" decoding=\"async\" class=\"alignnone wp-image-551\" src=\"http:\/\/www.tanja-mairhofer.de\/wp\/wp-content\/uploads\/2015\/09\/maxi_gro\u00df.jpg\" alt=\"\" width=\"255\" height=\"333\" srcset=\"https:\/\/www.tanja-mairhofer.de\/wp\/wp-content\/uploads\/2015\/09\/maxi_gro\u00df.jpg 650w, https:\/\/www.tanja-mairhofer.de\/wp\/wp-content\/uploads\/2015\/09\/maxi_gro\u00df-229x300.jpg 229w\" sizes=\"(max-width: 255px) 100vw, 255px\" \/><\/a><\/p>\n<p>[\/vc_column_text][vc_column_text]<\/p>\n<p style=\"text-align: center;\"><a href=\"https:\/\/amzn.to\/2wbTb8P\" target=\"_blank\" rel=\"noopener noreferrer\">JETZT BESTELLEN<\/a><\/p>\n<p>[\/vc_column_text][vc_column_text]<\/p>\n<p>[\/vc_column_text][\/vc_column][vc_column width=&#8220;1\/2&#8243;][vc_column_text]<strong>Maxi ist doch kein Angsth\u00f6rnchen<\/strong><\/p>\n<p>Maxi ist ein Eichh\u00f6rnchen, und zwar ein besonders flinkes. Oft sieht man sie zusammen mit ihrer Mama von Baum zu Baum h\u00fcpfen. Man erkennt sie an ihrem sch\u00f6nen roten Gl\u00e4nzefell und den lustigen Pinseln an den Ohren. Maxi freut sich auf ihren ersten Tag im Waldkindergarten, aber ein bisschen mulmig ist ihr auch \u2013 obwohl sie das vor ihren neuen Freunden nicht zugeben w\u00fcrde. Denn Maxi m\u00f6chte auf keinen Fall ein Angsth\u00f6rnchen sein!<\/p>\n<p>[\/vc_column_text][vc_column_text]<\/p>\n<p>[\/vc_column_text][\/vc_column][\/vc_row][vc_row][vc_column width=&#8220;1\/2&#8243;][vc_column_text][\/vc_column_text][vc_column_text]<\/p>\n<p style=\"text-align: center;\"><a href=\"https:\/\/amzn.to\/2xHDs1I\" target=\"_blank\" rel=\"noopener noreferrer\"><img loading=\"lazy\" decoding=\"async\" class=\"alignnone wp-image-339\" src=\"http:\/\/www.tanja-mairhofer.de\/wp\/wp-content\/uploads\/2015\/09\/display-0e10fbac2776c9b04f0f547985b5bc81.png\" alt=\"\" width=\"255\" height=\"396\"><\/a><\/p>\n<p>[\/vc_column_text][vc_column_text]<\/p>\n<p style=\"text-align: center;\"><a href=\"https:\/\/amzn.to\/2xHDs1I\" target=\"_blank\" rel=\"noopener noreferrer\">JETZT BESTELLEN<\/a><\/p>\n<p>[\/vc_column_text][vc_column_text]<\/p>\n<p>[\/vc_column_text][\/vc_column][vc_column width=&#8220;1\/2&#8243;][vc_column_text][\/vc_column_text][vc_column_text]<\/p>\n<p style=\"text-align: left;\"><strong>Schluss mit Muss<\/strong><\/p>\n<p>\u201eDu musst Yoga machen!\u201c, sagt die Bekannte. \u201eDu musst dein Profil auf XING sch\u00e4rfen!\u201c, empfiehlt der Ex-Kollege. Au\u00dferdem muss man sich nat\u00fcrlich gesund ern\u00e4hren, die top Partnerin, Mutter, Tochter, Nachbarin, Schwiegertochter, Patentante sein &#8230; \u201eMuss ich nicht\u201c, sagt Tanja Mairhofer. Na, die traut sich was! Die aufm\u00fcpfige \u00d6sterreicherin verr\u00e4t, warum aktives Aufschieben einen am Ende sogar weiterbringt und keine Frau immer allen gefallen muss.<\/p>\n<p>Tsch\u00fcss, Perfektionismus \u2013 hallo Selbstakzeptanz!<\/p>\n<p>[\/vc_column_text][vc_column_text]<\/p>\n<p>[\/vc_column_text][\/vc_column][\/vc_row][vc_row][vc_column width=&#8220;1\/2&#8243;][vc_column_text][\/vc_column_text][vc_column_text][\/vc_column_text][vc_column_text]<\/p>\n<p style=\"text-align: center;\"><img loading=\"lazy\" decoding=\"async\" class=\"alignnone wp-image-293\" src=\"http:\/\/www.tanja-mairhofer.de\/wp\/wp-content\/uploads\/2015\/09\/Bildschirmfoto-2015-09-27-um-17.17.511-e1607965916952.png\" alt=\"\" width=\"255\" height=\"246\"><\/p>\n<p>[\/vc_column_text][vc_column_text]<\/p>\n<p style=\"text-align: center;\"><a href=\"https:\/\/amzn.to\/2X8zd9U\" target=\"_blank\" rel=\"noopener noreferrer\">JETZT BESTELLEN<\/a><\/p>\n<p>&nbsp;<\/p>\n<p>[\/vc_column_text][vc_column_text]<\/p>\n<p>[\/vc_column_text][\/vc_column][vc_column width=&#8220;1\/2&#8243;][vc_column_text][\/vc_column_text][vc_column_text]<\/p>\n<p style=\"text-align: left;\"><strong>Der kleine L\u00f6we Henri und seine geh\u00e4kelten Freunde<\/strong><\/p>\n<p>Die Geschichte von einem zartbesaiteten L\u00f6wen Henri und seinen viel zu lustigen Freunden zum Vorlesen, Nachh\u00e4keln und Liebhaben. Henri will endlich lernen, so tapfer zu sein, wie es von einem L\u00f6wen unter seinesgleichen erwartet wird. Wie im das gelingt, ohne sich selbst untreu zu werden, k\u00f6nnt ihr hier nachlesen.<\/p>\n<p>[\/vc_column_text][vc_column_text]<\/p>\n<p>[\/vc_column_text][\/vc_column][\/vc_row]<\/p>\n","protected":false},"excerpt":{"rendered":"<p>[vc_row][vc_column width=&#8220;1\/2&#8243;][vc_column_text][\/vc_column_text][vc_column_text] [\/vc_column_text][vc_column_text] JETZT BESTELLEN [\/vc_column_text][vc_column_text] [\/vc_column_text][\/vc_column][vc_column width=&#8220;1\/2&#8243;][vc_column_text][\/vc_column_text][vc_column_text]Dein Super-Buch Ein Ratgeber f\u00fcr Grundschulkinder zum Thema Resilienz und Achtsamkeit.&nbsp;Wie wird man zum Superhelden? Indem man immer mutig, stark und einfallsreich ist? Oder weil man einfach so sein darf, wie man ist? Das Super-Buch soll Kinder dabei unterst\u00fctzen, sich super zu f\u00fchlen, egal was da drau\u00dfen so [&hellip;]<\/p>\n","protected":false},"author":1,"featured_media":0,"parent":0,"menu_order":0,"comment_status":"closed","ping_status":"closed","template":"","meta":{"saved_in_kubio":true,"footnotes":""},"class_list":["post-188","page","type-page","status-publish","hentry"],"kubio_ai_page_context":{"short_desc":"","purpose":"general"},"_links":{"self":[{"href":"https:\/\/www.tanja-mairhofer.de\/wp\/index.php?rest_route=\/wp\/v2\/pages\/188","targetHints":{"allow":["GET"]}}],"collection":[{"href":"https:\/\/www.tanja-mairhofer.de\/wp\/index.php?rest_route=\/wp\/v2\/pages"}],"about":[{"href":"https:\/\/www.tanja-mairhofer.de\/wp\/index.php?rest_route=\/wp\/v2\/types\/page"}],"author":[{"embeddable":true,"href":"https:\/\/www.tanja-mairhofer.de\/wp\/index.php?rest_route=\/wp\/v2\/users\/1"}],"replies":[{"embeddable":true,"href":"https:\/\/www.tanja-mairhofer.de\/wp\/index.php?rest_route=%2Fwp%2Fv2%2Fcomments&post=188"}],"version-history":[{"count":87,"href":"https:\/\/www.tanja-mairhofer.de\/wp\/index.php?rest_route=\/wp\/v2\/pages\/188\/revisions"}],"predecessor-version":[{"id":224437,"href":"https:\/\/www.tanja-mairhofer.de\/wp\/index.php?rest_route=\/wp\/v2\/pages\/188\/revisions\/224437"}],"wp:attachment":[{"href":"https:\/\/www.tanja-mairhofer.de\/wp\/index.php?rest_route=%2Fwp%2Fv2%2Fmedia&parent=188"}],"curies":[{"name":"wp","href":"https:\/\/api.w.org\/{rel}","templated":true}]}}