{"id":224394,"date":"2025-02-11T21:00:10","date_gmt":"2025-02-11T20:00:10","guid":{"rendered":"http:\/\/www.tanja-mairhofer.de\/wp\/?page_id=224394"},"modified":"2025-02-12T11:35:52","modified_gmt":"2025-02-12T10:35:52","slug":"front_page-2","status":"publish","type":"page","link":"https:\/\/www.tanja-mairhofer.de\/wp\/","title":{"rendered":"Startseite"},"content":{"rendered":"","protected":false},"excerpt":{"rendered":"Herzlich Willkommen! Sch\u00f6n, dass Du da bist... ich bin Tanja und habe eine gro\u00dfe Leidenschaft f\u00fcr interessante Geschichten und inspirierende Begegnungen. Seit vielen Jahren stehe ich als Moderatorin und Schauspielerin vor der Kamera und habe zudem als Autorin mehrere B\u00fccher ver\u00f6ffentlicht \u2013 von unterhaltsamen Essays bis hin zu Impulsen f\u00fcr mehr Achtsamkeit im Alltag. Neben [...]","protected":false},"author":1,"featured_media":0,"parent":0,"menu_order":0,"comment_status":"closed","ping_status":"closed","template":"","meta":{"saved_in_kubio":true,"footnotes":""},"class_list":["post-224394","page","type-page","status-publish","hentry"],"kubio_ai_page_context":{"short_desc":"","purpose":"general"},"_links":{"self":[{"href":"https:\/\/www.tanja-mairhofer.de\/wp\/index.php?rest_route=\/wp\/v2\/pages\/224394","targetHints":{"allow":["GET"]}}],"collection":[{"href":"https:\/\/www.tanja-mairhofer.de\/wp\/index.php?rest_route=\/wp\/v2\/pages"}],"about":[{"href":"https:\/\/www.tanja-mairhofer.de\/wp\/index.php?rest_route=\/wp\/v2\/types\/page"}],"author":[{"embeddable":true,"href":"https:\/\/www.tanja-mairhofer.de\/wp\/index.php?rest_route=\/wp\/v2\/users\/1"}],"replies":[{"embeddable":true,"href":"https:\/\/www.tanja-mairhofer.de\/wp\/index.php?rest_route=%2Fwp%2Fv2%2Fcomments&post=224394"}],"version-history":[{"count":10,"href":"https:\/\/www.tanja-mairhofer.de\/wp\/index.php?rest_route=\/wp\/v2\/pages\/224394\/revisions"}],"predecessor-version":[{"id":224515,"href":"https:\/\/www.tanja-mairhofer.de\/wp\/index.php?rest_route=\/wp\/v2\/pages\/224394\/revisions\/224515"}],"wp:attachment":[{"href":"https:\/\/www.tanja-mairhofer.de\/wp\/index.php?rest_route=%2Fwp%2Fv2%2Fmedia&parent=224394"}],"curies":[{"name":"wp","href":"https:\/\/api.w.org\/{rel}","templated":true}]}}